{"id":28922,"date":"2023-07-19T16:58:31","date_gmt":"2023-07-19T16:58:31","guid":{"rendered":"https:\/\/clinicalaveterinaria.it\/vacunas-para-gatos\/"},"modified":"2023-09-19T10:28:39","modified_gmt":"2023-09-19T10:28:39","slug":"vacunas-para-gatos","status":"publish","type":"page","link":"https:\/\/clinicalaveterinaria.it\/es\/servicios-veterinarios\/vacunas-para-gatos\/","title":{"rendered":"Vacunas para gatos"},"content":{"rendered":"<div class=\"wpb-content-wrapper\"><p>[vc_row][vc_column][vc_custom_heading text=\u00bbLa importancia de las vacunas para gatos: el hecho de que el gatito viva dentro de casa no es justificaci\u00f3n suficiente para no vacunarlo.\u00bb font_container=\u00bbtag:p|font_size:18px|text_align:left|color:%2300518b\u00bb google_fonts=\u00bbfont_family:Open%20Sans%3A300%2C300italic%2Cregular%2Citalic%2C600%2C600italic%2C700%2C700italic%2C800%2C800italic|font_style:700%20bold%20regular%3A700%3Anormal\u00bb el_class=\u00bbmb-0&#8243;][vc_separator align=\u00bbalign_left\u00bb type=\u00bbsmall\u00bb gap=\u00bbshort\u00bb][vc_custom_heading text=\u00bbVivir en casa no protege al gato del contagio de enfermedades potencialmente mortales.\u00bb font_container=\u00bbtag:p|text_align:left|color:%2300518b\u00bb google_fonts=\u00bbfont_family:Open%20Sans%3A300%2C300italic%2Cregular%2Citalic%2C600%2C600italic%2C700%2C700italic%2C800%2C800italic|font_style:700%20bold%20regular%3A700%3Anormal\u00bb el_class=\u00bbmb-0&#8243;][vc_custom_heading text=\u00bbHay virus muy resistentes en el ambiente exterior y el contagio tambi\u00e9n puede producirse a trav\u00e9s de la contaminaci\u00f3n indirecta del ambiente por nuestra ropa o calzado.<br \/>\nAs\u00ed que, en la pr\u00e1ctica, nosotros mismos podemos convertirnos en vectores y poner involuntariamente a nuestros gatos en grave peligro.\u00bb font_container=\u00bbtag:p|text_align:left\u00bb use_theme_fonts=\u00bbyes\u00bb el_class=\u00bbmb-0&#8243;][vc_row_inner el_class=\u00bbpy-5 align-items-center\u00bb][vc_column_inner width=\u00bb1\/2&#8243; css=\u00bb.vc_custom_1690883472596{margin-top: 0px !important;border-top-width: 0px !important;padding-top: 0px !important;}\u00bb][vc_single_image image=\u00bb28153&#8243; img_size=\u00bbfull\u00bb animation_delay=\u00bb100&#8243; el_class=\u00bbmb-0 p-3 box-shadow-1 img-full\u00bb][\/vc_column_inner][vc_column_inner width=\u00bb1\/2&#8243;][vc_custom_heading text=\u00bbVacunar a los gatos contra las principales enfermedades suele bastar para evitar estas desgraciadas muertes, y adem\u00e1s:\u00bb font_container=\u00bbtag:p|font_size:16px|text_align:left|color:%2300518b\u00bb google_fonts=\u00bbfont_family:Open%20Sans%3A300%2C300italic%2Cregular%2Citalic%2C600%2C600italic%2C700%2C700italic%2C800%2C800italic|font_style:700%20bold%20regular%3A700%3Anormal\u00bb el_class=\u00bbmb-0&#8243; css=\u00bb.vc_custom_1694097823453{padding-top: 20px !important;padding-bottom: 20px !important;}\u00bb]<div class=\"porto-animation\"  data-appear-animation=\"fadeInUp\" data-appear-animation-delay=\"200\"><div class=\"porto-sicon-box mb-2  wpb_custom_1efe903570d178ff0a9b7bfa5febd3a4 style_1 default-icon\"><div class=\"porto-sicon-default\"><div class=\"porto-just-icon-wrapper porto-icon advanced\" style=\"color:#222529;border-style:solid;border-color:#e7e7e7;border-width:1px;width:38px;height:38px;line-height:38px;border-radius:20px;font-size:11.2px;\"><i class=\"fas fa-check\"><\/i><\/div><\/div><div class=\"porto-sicon-header\"><h5 class=\"porto-sicon-title\" style=\"letter-spacing:0;\">las vacunas son seguras y los efectos secundarios son realmente nulos en comparaci\u00f3n con los beneficios<\/h5><\/div> <!-- header --><\/div><!-- porto-sicon-box --><\/div><div class=\"porto-animation\"  data-appear-animation=\"fadeInUp\" data-appear-animation-delay=\"100\"><div class=\"porto-sicon-box mb-2  wpb_custom_1efe903570d178ff0a9b7bfa5febd3a4 style_1 default-icon\"><div class=\"porto-sicon-default\"><div class=\"porto-just-icon-wrapper porto-icon advanced\" style=\"color:#222529;border-style:solid;border-color:#e7e7e7;border-width:1px;width:38px;height:38px;line-height:38px;border-radius:20px;font-size:11.2px;\"><i class=\"fas fa-check\"><\/i><\/div><\/div><div class=\"porto-sicon-header\"><h5 class=\"porto-sicon-title\" style=\"letter-spacing:0;\">el coste de una vacuna es insignificante comparado con el del tratamiento y la hospitalizaci\u00f3n en caso de infecci\u00f3n<\/h5><\/div> <!-- header --><\/div><!-- porto-sicon-box --><\/div><div class=\"porto-animation\"  data-appear-animation=\"fadeInUp\" data-appear-animation-delay=\"100\"><div class=\"porto-sicon-box mb-2  wpb_custom_1efe903570d178ff0a9b7bfa5febd3a4 style_1 default-icon\"><div class=\"porto-sicon-default\"><div class=\"porto-just-icon-wrapper porto-icon advanced\" style=\"color:#222529;border-style:solid;border-color:#e7e7e7;border-width:1px;width:38px;height:38px;line-height:38px;border-radius:20px;font-size:11.2px;\"><i class=\"fas fa-check\"><\/i><\/div><\/div><div class=\"porto-sicon-header\"><h5 class=\"porto-sicon-title\" style=\"letter-spacing:0;\">proteja la vida de su gato de forma concreta y eficaz<\/h5><\/div> <!-- header --><\/div><!-- porto-sicon-box --><\/div>[vc_custom_heading text=\u00bbLas vacunas m\u00e1s recomendadas para los gatos son las que les protegen contra:\u00bb font_container=\u00bbtag:p|font_size:16px|text_align:left|color:%2300518b\u00bb google_fonts=\u00bbfont_family:Open%20Sans%3A300%2C300italic%2Cregular%2Citalic%2C600%2C600italic%2C700%2C700italic%2C800%2C800italic|font_style:700%20bold%20regular%3A700%3Anormal\u00bb el_class=\u00bbmb-0&#8243; css=\u00bb.vc_custom_1694097773533{padding-top: 20px !important;padding-bottom: 20px !important;}\u00bb animation_type=\u00bbfadeInUp\u00bb]<div class=\"porto-animation\"  data-appear-animation=\"fadeInUp\" data-appear-animation-delay=\"500\"><div class=\"porto-sicon-box mb-2  wpb_custom_1efe903570d178ff0a9b7bfa5febd3a4 style_1 default-icon\"><div class=\"porto-sicon-default\"><div class=\"porto-just-icon-wrapper porto-icon advanced\" style=\"color:#222529;border-style:solid;border-color:#e7e7e7;border-width:1px;width:38px;height:38px;line-height:38px;border-radius:20px;font-size:11.2px;\"><i class=\"fas fa-caret-right\"><\/i><\/div><\/div><div class=\"porto-sicon-header\"><h5 class=\"porto-sicon-title\" style=\"letter-spacing:0;\">parvovirus felino<\/h5><\/div> <!-- header --><\/div><!-- porto-sicon-box --><\/div><div class=\"porto-animation\"  data-appear-animation=\"fadeInUp\" data-appear-animation-delay=\"500\"><div class=\"porto-sicon-box mb-2  wpb_custom_1efe903570d178ff0a9b7bfa5febd3a4 style_1 default-icon\"><div class=\"porto-sicon-default\"><div class=\"porto-just-icon-wrapper porto-icon advanced\" style=\"color:#222529;border-style:solid;border-color:#e7e7e7;border-width:1px;width:38px;height:38px;line-height:38px;border-radius:20px;font-size:11.2px;\"><i class=\"fas fa-caret-right\"><\/i><\/div><\/div><div class=\"porto-sicon-header\"><h5 class=\"porto-sicon-title\" style=\"letter-spacing:0;\">virus del herpes<\/h5><\/div> <!-- header --><\/div><!-- porto-sicon-box --><\/div><div class=\"porto-animation\"  data-appear-animation=\"fadeInUp\" data-appear-animation-delay=\"500\"><div class=\"porto-sicon-box mb-2  wpb_custom_1efe903570d178ff0a9b7bfa5febd3a4 style_1 default-icon\"><div class=\"porto-sicon-default\"><div class=\"porto-just-icon-wrapper porto-icon advanced\" style=\"color:#222529;border-style:solid;border-color:#e7e7e7;border-width:1px;width:38px;height:38px;line-height:38px;border-radius:20px;font-size:11.2px;\"><i class=\"fas fa-caret-right\"><\/i><\/div><\/div><div class=\"porto-sicon-header\"><h5 class=\"porto-sicon-title\" style=\"letter-spacing:0;\">calicivirus<\/h5><\/div> <!-- header --><\/div><!-- porto-sicon-box --><\/div>[vc_column_text css_animation=\u00bbfadeInUp\u00bb css=\u00bb.vc_custom_1694097757581{padding-top: 20px !important;}\u00bb]La combinaci\u00f3n de estas vacunas para gatos se conoce como <strong>trivalente<\/strong>.[\/vc_column_text][\/vc_column_inner][\/vc_row_inner][\/vc_column][\/vc_row][vc_row full_width=\u00bbstretch_row_content_no_spaces\u00bb parallax=\u00bbcontent-moving\u00bb parallax_image=\u00bb28062&#8243; conditional_render=\u00bb%5B%7B%22value_role%22%3A%22administrator%22%7D%5D\u00bb][vc_column][vc_row_inner wrap_container=\u00bbyes\u00bb css=\u00bb.vc_custom_1694097417587{padding-top: 40px !important;padding-bottom: 40px !important;}\u00bb][vc_column_inner][vc_custom_heading text=\u00bbLa vacunaci\u00f3n del gato (primera vacuna y refuerzos posteriores) se personaliza para cada uno de nuestros peque\u00f1os pacientes, ya sean cachorros o adultos. Trivalente o \u00fanica, optamos por inocular la vacuna al gato bas\u00e1ndonos en una evaluaci\u00f3n de su estado general de salud, estilo de vida y entorno vital.\u00bb font_container=\u00bbtag:p|font_size:16px|text_align:left|color:%23ffffff\u00bb google_fonts=\u00bbfont_family:Open%20Sans%3A300%2C300italic%2Cregular%2Citalic%2C600%2C600italic%2C700%2C700italic%2C800%2C800italic|font_style:700%20bold%20regular%3A700%3Anormal\u00bb el_class=\u00bbmb-0&#8243;][vc_custom_heading text=\u00bbLa cobertura inmunitaria debe mantenerse durante toda la vida del gato con vacunaciones peri\u00f3dicas y es muy importante respetar los plazos entre inoculaciones.<br \/>\nVacunar a tu gato significa prevenir, y la prevenci\u00f3n es siempre la mejor estrategia que puedes poner en pr\u00e1ctica para proteger su salud y tu tranquilidad.\u00bb font_container=\u00bbtag:p|font_size:16px|text_align:left|color:%23ffffff\u00bb google_fonts=\u00bbfont_family:Open%20Sans%3A300%2C300italic%2Cregular%2Citalic%2C600%2C600italic%2C700%2C700italic%2C800%2C800italic|font_style:400%20regular%3A400%3Anormal\u00bb el_class=\u00bbmb-0&#8243; css=\u00bb.vc_custom_1694097720836{padding-top: 20px !important;}\u00bb][\/vc_column_inner][\/vc_row_inner][\/vc_column][\/vc_row][vc_row full_width=\u00bbstretch_row_content_no_spaces\u00bb parallax=\u00bbcontent-moving\u00bb parallax_image=\u00bb28297&#8243; conditional_render=\u00bb%5B%7B%22value_role%22%3A%22administrator%22%7D%5D\u00bb][vc_column][vc_row_inner wrap_container=\u00bbyes\u00bb][vc_column_inner][vc_custom_heading text=\u00bbLea estos art\u00edculos\u00bb font_container=\u00bbtag:h2|text_align:left|color:%2300518b\u00bb use_theme_fonts=\u00bbyes\u00bb css=\u00bb.vc_custom_1694097493685{padding-top: 20px !important;padding-bottom: 20px !important;}\u00bb][\/vc_column_inner][vc_column_inner width=\u00bb1\/2&#8243;]<div class=\"porto-blog wpb_content_element   wpb_custom_9c745ac33a8bb4820cfc6b89805915cc porto-blog-e0b603537120859819a60b8e18355fe8\">\t\t<div class=\"blog-posts posts-masonry blog-posts-hover_info2\">\r\n\t\t\t<div class=\"posts-container row\">\r\n\t\t\r\n<article class=\"post post-masonry col-md-12 post-title-simple post-29556 post type-post status-publish format-standard has-post-thumbnail hentry category-bienestar category-gatos-es category-prevencion category-remedios-es category-sin-categorizar tag-cat-es tag-gatos tag-herpesvirus-es tag-rinotraqueitis-felina\">\r\n\r\n\r\n\r\n\t<div class=\"thumb-info thumb-info-no-borders thumb-info-bottom-info thumb-info-bottom-info-dark thumb-info-centered-icons\">\r\n\t\t\t\t<div class=\"thumb-info-wrapper\">\r\n\t\t\t<div class=\"post-image\">\r\n\t\t\t\t<img loading=\"lazy\" decoding=\"async\" width=\"600\" height=\"302\" src=\"https:\/\/clinicalaveterinaria.it\/wp-content\/uploads\/2021\/10\/rinotracheite-1.jpg\" alt=\"Rinotracheite nel gatto: prevenzione e cura | Clinica La Veterinaria\" \/>\r\n\t\t\t<\/div>\r\n\t\t\t\t\t\t<div class=\"thumb-info-title\">\r\n\t\t\t\t\t\t\t\t\t\t\t<h3 class=\"thumb-info-inner\"><a href=\"https:\/\/clinicalaveterinaria.it\/es\/la-rinotraqueitis-felina-o-catarro-del-gato-es-una-enfermedad-infecciosa-y-contagiosa-de-las-vias-respiratorias-superiores-de-los-gatos-como-se-previene-y-como-se-trata\/\">La rinotraqueitis felina, o catarro del gato, es una enfermedad infecciosa y contagiosa de las v\u00edas respiratorias superiores de los gatos. \u00bfC\u00f3mo se previene y c\u00f3mo se trata?<\/a><\/h3>\r\n\t\t\t\t<div class=\"thumb-info-show-more-content\">\r\n\t\t\t\t\t<p class=\"post-excerpt\">La rinotraqueitis es una enfermedad infecciosa que afecta a los gatos dom\u00e9sticos y callejeros y est\u00e1 causada por el Herpesvirus.<\/p>\t\t\t\t<\/div>\r\n\t\t\t\t\t\t<\/div>\r\n\t\t\t<span class=\"thumb-info-action\">\r\n\t\t\t\t<a aria-label=\"Go to post page\" href=\"https:\/\/clinicalaveterinaria.it\/es\/la-rinotraqueitis-felina-o-catarro-del-gato-es-una-enfermedad-infecciosa-y-contagiosa-de-las-vias-respiratorias-superiores-de-los-gatos-como-se-previene-y-como-se-trata\/\">\r\n\t\t\t\t\t<span class=\"thumb-info-action-icon thumb-info-action-icon-light\"><i class=\"fas fa-link text-dark\"><\/i><\/span>\r\n\t\t\t\t<\/a>\r\n\t\t\t<\/span>\r\n\t\t<\/div>\r\n\t<\/div>\r\n<\/article>\r\n\r\n\t\r\n\t\t\t<\/div>\r\n\t\t<\/div>\r\n\r\n\t\r\n\t\r\n\t<\/div>[\/vc_column_inner][vc_column_inner width=\u00bb1\/2&#8243;]<div class=\"porto-blog wpb_content_element   wpb_custom_9c745ac33a8bb4820cfc6b89805915cc porto-blog-e0b603537120859819a60b8e18355fe8\">\t\t<div class=\"blog-posts posts-masonry blog-posts-hover_info2\">\r\n\t\t\t<div class=\"posts-container row\">\r\n\t\t\r\n<article class=\"post post-masonry col-md-12 post-title-simple post-29542 post type-post status-publish format-standard has-post-thumbnail hentry category-bienestar category-bienestar-animal-es category-cura category-gatos category-prevencion-es category-sin-categorizar tag-enfermedades-felinas tag-felv-es tag-gato-contagiado-por-felv tag-gato-felv-negativo tag-gato-felv-positivo tag-leucemia-felina tag-retrovirus-es tag-sintomas-del-felv\">\r\n\r\n\r\n\r\n\t<div class=\"thumb-info thumb-info-no-borders thumb-info-bottom-info thumb-info-bottom-info-dark thumb-info-centered-icons\">\r\n\t\t\t\t<div class=\"thumb-info-wrapper\">\r\n\t\t\t<div class=\"post-image\">\r\n\t\t\t\t<img loading=\"lazy\" decoding=\"async\" width=\"600\" height=\"302\" src=\"https:\/\/clinicalaveterinaria.it\/wp-content\/uploads\/2022\/01\/felv.jpg\" alt=\"FeLV felina ovvero la leucemia dei gatti | Clinica La Veterinaria\" \/>\r\n\t\t\t<\/div>\r\n\t\t\t\t\t\t<div class=\"thumb-info-title\">\r\n\t\t\t\t\t\t\t\t\t\t\t<h3 class=\"thumb-info-inner\"><a href=\"https:\/\/clinicalaveterinaria.it\/es\/felv-felino-o-virus-de-la-leucemia-felina-una-de-las-enfermedades-infecciosas-mas-comunes-en-los-gatos\/\">FeLV felino o virus de la leucemia felina: una de las enfermedades infecciosas m\u00e1s comunes en los gatos.<\/a><\/h3>\r\n\t\t\t\t<div class=\"thumb-info-show-more-content\">\r\n\t\t\t\t\t<p class=\"post-excerpt\">El FeLV felino o virus de la leucemia felina es una de las enfermedades infecciosas de los gatos m\u00e1s extendidas en todo el mundo.<\/p>\t\t\t\t<\/div>\r\n\t\t\t\t\t\t<\/div>\r\n\t\t\t<span class=\"thumb-info-action\">\r\n\t\t\t\t<a aria-label=\"Go to post page\" href=\"https:\/\/clinicalaveterinaria.it\/es\/felv-felino-o-virus-de-la-leucemia-felina-una-de-las-enfermedades-infecciosas-mas-comunes-en-los-gatos\/\">\r\n\t\t\t\t\t<span class=\"thumb-info-action-icon thumb-info-action-icon-light\"><i class=\"fas fa-link text-dark\"><\/i><\/span>\r\n\t\t\t\t<\/a>\r\n\t\t\t<\/span>\r\n\t\t<\/div>\r\n\t<\/div>\r\n<\/article>\r\n\r\n\t\r\n\t\t\t<\/div>\r\n\t\t<\/div>\r\n\r\n\t\r\n\t\r\n\t<\/div>[\/vc_column_inner][\/vc_row_inner][\/vc_column][\/vc_row]<\/p>\n<\/div>","protected":false},"excerpt":{"rendered":"<p>[vc_row][vc_column][vc_custom_heading text=\u00bbLa importancia de las vacunas para gatos: el hecho de que el gatito viva dentro de casa no es justificaci\u00f3n suficiente para no vacunarlo.\u00bb font_container=\u00bbtag:p|font_size:18px|text_align:left|color:%2300518b\u00bb google_fonts=\u00bbfont_family:Open%20Sans%3A300%2C300italic%2Cregular%2Citalic%2C600%2C600italic%2C700%2C700italic%2C800%2C800italic|font_style:700%20bold%20regular%3A700%3Anormal\u00bb el_class=\u00bbmb-0&#8243;][vc_separator align=\u00bbalign_left\u00bb type=\u00bbsmall\u00bb gap=\u00bbshort\u00bb][vc_custom_heading text=\u00bbVivir en casa no protege al gato del contagio de enfermedades potencialmente mortales.\u00bb font_container=\u00bbtag:p|text_align:left|color:%2300518b\u00bb google_fonts=\u00bbfont_family:Open%20Sans%3A300%2C300italic%2Cregular%2Citalic%2C600%2C600italic%2C700%2C700italic%2C800%2C800italic|font_style:700%20bold%20regular%3A700%3Anormal\u00bb el_class=\u00bbmb-0&#8243;][vc_custom_heading text=\u00bbHay virus muy resistentes en el ambiente exterior [&hellip;]<\/p>\n","protected":false},"author":3,"featured_media":0,"parent":28928,"menu_order":0,"comment_status":"closed","ping_status":"closed","template":"","meta":{"footnotes":""},"class_list":["post-28922","page","type-page","status-publish","hentry"],"yoast_head":"<!-- This site is optimized with the Yoast SEO Premium plugin v27.3 (Yoast SEO v27.3) - https:\/\/yoast.com\/product\/yoast-seo-premium-wordpress\/ -->\n<title>Vacunas para gatos | Clinica La Veterinaria<\/title>\n<meta name=\"description\" content=\"Cl\u00ednica La Veterinaria - Mascalucia (CT) Abierta todos los d\u00edas h24 incluidos festivos y con servicio de Primeros Auxilios de 20h a 8h.\" \/>\n<meta name=\"robots\" content=\"index, follow, max-snippet:-1, max-image-preview:large, max-video-preview:-1\" \/>\n<link rel=\"canonical\" href=\"https:\/\/clinicalaveterinaria.it\/es\/servicios-veterinarios\/vacunas-para-gatos\/\" \/>\n<meta property=\"og:locale\" content=\"es_ES\" \/>\n<meta property=\"og:type\" content=\"article\" \/>\n<meta property=\"og:title\" content=\"Vacunas para gatos\" \/>\n<meta property=\"og:description\" content=\"Cl\u00ednica La Veterinaria - Mascalucia (CT) Abierta todos los d\u00edas h24 incluidos festivos y con servicio de Primeros Auxilios de 20h a 8h.\" \/>\n<meta property=\"og:url\" content=\"https:\/\/clinicalaveterinaria.it\/es\/servicios-veterinarios\/vacunas-para-gatos\/\" \/>\n<meta property=\"og:site_name\" content=\"Clinica La Veterinaria\" \/>\n<meta property=\"article:publisher\" content=\"https:\/\/www.facebook.com\/clinicalaveterinaria\" \/>\n<meta property=\"article:modified_time\" content=\"2023-09-19T10:28:39+00:00\" \/>\n<meta name=\"twitter:card\" content=\"summary_large_image\" \/>\n<meta name=\"twitter:label1\" content=\"Tiempo de lectura\" \/>\n\t<meta name=\"twitter:data1\" content=\"3 minutos\" \/>\n<script type=\"application\/ld+json\" class=\"yoast-schema-graph\">{\"@context\":\"https:\\\/\\\/schema.org\",\"@graph\":[{\"@type\":\"WebPage\",\"@id\":\"https:\\\/\\\/clinicalaveterinaria.it\\\/es\\\/servicios-veterinarios\\\/vacunas-para-gatos\\\/\",\"url\":\"https:\\\/\\\/clinicalaveterinaria.it\\\/es\\\/servicios-veterinarios\\\/vacunas-para-gatos\\\/\",\"name\":\"Vacunas para gatos | Clinica La Veterinaria\",\"isPartOf\":{\"@id\":\"https:\\\/\\\/clinicalaveterinaria.it\\\/es\\\/#website\"},\"datePublished\":\"2023-07-19T16:58:31+00:00\",\"dateModified\":\"2023-09-19T10:28:39+00:00\",\"description\":\"Cl\u00ednica La Veterinaria - Mascalucia (CT) Abierta todos los d\u00edas h24 incluidos festivos y con servicio de Primeros Auxilios de 20h a 8h.\",\"breadcrumb\":{\"@id\":\"https:\\\/\\\/clinicalaveterinaria.it\\\/es\\\/servicios-veterinarios\\\/vacunas-para-gatos\\\/#breadcrumb\"},\"inLanguage\":\"es\",\"potentialAction\":[{\"@type\":\"ReadAction\",\"target\":[\"https:\\\/\\\/clinicalaveterinaria.it\\\/es\\\/servicios-veterinarios\\\/vacunas-para-gatos\\\/\"]}]},{\"@type\":\"BreadcrumbList\",\"@id\":\"https:\\\/\\\/clinicalaveterinaria.it\\\/es\\\/servicios-veterinarios\\\/vacunas-para-gatos\\\/#breadcrumb\",\"itemListElement\":[{\"@type\":\"ListItem\",\"position\":1,\"name\":\"Home\",\"item\":\"https:\\\/\\\/clinicalaveterinaria.it\\\/es\\\/\"},{\"@type\":\"ListItem\",\"position\":2,\"name\":\"Servicios veterinarios\",\"item\":\"https:\\\/\\\/clinicalaveterinaria.it\\\/es\\\/servicios-veterinarios\\\/\"},{\"@type\":\"ListItem\",\"position\":3,\"name\":\"Vacunas para gatos\"}]},{\"@type\":\"WebSite\",\"@id\":\"https:\\\/\\\/clinicalaveterinaria.it\\\/es\\\/#website\",\"url\":\"https:\\\/\\\/clinicalaveterinaria.it\\\/es\\\/\",\"name\":\"Clinica La Veterinaria\",\"description\":\"Per la gioia di vederli felici\",\"publisher\":{\"@id\":\"https:\\\/\\\/clinicalaveterinaria.it\\\/es\\\/#organization\"},\"potentialAction\":[{\"@type\":\"SearchAction\",\"target\":{\"@type\":\"EntryPoint\",\"urlTemplate\":\"https:\\\/\\\/clinicalaveterinaria.it\\\/es\\\/?s={search_term_string}\"},\"query-input\":{\"@type\":\"PropertyValueSpecification\",\"valueRequired\":true,\"valueName\":\"search_term_string\"}}],\"inLanguage\":\"es\"},{\"@type\":\"Organization\",\"@id\":\"https:\\\/\\\/clinicalaveterinaria.it\\\/es\\\/#organization\",\"name\":\"Clinica La Veterinaria s.r.l.\",\"url\":\"https:\\\/\\\/clinicalaveterinaria.it\\\/es\\\/\",\"logo\":{\"@type\":\"ImageObject\",\"inLanguage\":\"es\",\"@id\":\"https:\\\/\\\/clinicalaveterinaria.it\\\/es\\\/#\\\/schema\\\/logo\\\/image\\\/\",\"url\":\"https:\\\/\\\/clinicalaveterinaria.it\\\/wp-content\\\/uploads\\\/2023\\\/07\\\/Favicon_Logo_clinica_la_vetrinaria-01.png\",\"contentUrl\":\"https:\\\/\\\/clinicalaveterinaria.it\\\/wp-content\\\/uploads\\\/2023\\\/07\\\/Favicon_Logo_clinica_la_vetrinaria-01.png\",\"width\":121,\"height\":120,\"caption\":\"Clinica La Veterinaria s.r.l.\"},\"image\":{\"@id\":\"https:\\\/\\\/clinicalaveterinaria.it\\\/es\\\/#\\\/schema\\\/logo\\\/image\\\/\"},\"sameAs\":[\"https:\\\/\\\/www.facebook.com\\\/clinicalaveterinaria\",\"https:\\\/\\\/www.instagram.com\\\/clinica_la_veterinaria\\\/\"],\"description\":\"Clinica Veterinaria aperta h24 365 giorni all'anno\",\"email\":\"info@clinicalaveterinaria.it\",\"telephone\":\"0952190\",\"legalName\":\"Clinica La Veterinaria s.r.l.\",\"vatID\":\"05780070875\",\"taxID\":\"05780070875\",\"numberOfEmployees\":{\"@type\":\"QuantitativeValue\",\"minValue\":\"11\",\"maxValue\":\"50\"},\"publishingPrinciples\":\"https:\\\/\\\/clinicalaveterinaria.it\\\/termini-e-condizioni\\\/\",\"ownershipFundingInfo\":\"https:\\\/\\\/clinicalaveterinaria.it\\\/imprint\\\/\",\"actionableFeedbackPolicy\":\"https:\\\/\\\/clinicalaveterinaria.it\\\/termini-e-condizioni\\\/\",\"ethicsPolicy\":\"https:\\\/\\\/clinicalaveterinaria.it\\\/disconoscimento\\\/\"}]}<\/script>\n<!-- \/ Yoast SEO Premium plugin. -->","yoast_head_json":{"title":"Vacunas para gatos | Clinica La Veterinaria","description":"Cl\u00ednica La Veterinaria - Mascalucia (CT) Abierta todos los d\u00edas h24 incluidos festivos y con servicio de Primeros Auxilios de 20h a 8h.","robots":{"index":"index","follow":"follow","max-snippet":"max-snippet:-1","max-image-preview":"max-image-preview:large","max-video-preview":"max-video-preview:-1"},"canonical":"https:\/\/clinicalaveterinaria.it\/es\/servicios-veterinarios\/vacunas-para-gatos\/","og_locale":"es_ES","og_type":"article","og_title":"Vacunas para gatos","og_description":"Cl\u00ednica La Veterinaria - Mascalucia (CT) Abierta todos los d\u00edas h24 incluidos festivos y con servicio de Primeros Auxilios de 20h a 8h.","og_url":"https:\/\/clinicalaveterinaria.it\/es\/servicios-veterinarios\/vacunas-para-gatos\/","og_site_name":"Clinica La Veterinaria","article_publisher":"https:\/\/www.facebook.com\/clinicalaveterinaria","article_modified_time":"2023-09-19T10:28:39+00:00","twitter_card":"summary_large_image","twitter_misc":{"Tiempo de lectura":"3 minutos"},"schema":{"@context":"https:\/\/schema.org","@graph":[{"@type":"WebPage","@id":"https:\/\/clinicalaveterinaria.it\/es\/servicios-veterinarios\/vacunas-para-gatos\/","url":"https:\/\/clinicalaveterinaria.it\/es\/servicios-veterinarios\/vacunas-para-gatos\/","name":"Vacunas para gatos | Clinica La Veterinaria","isPartOf":{"@id":"https:\/\/clinicalaveterinaria.it\/es\/#website"},"datePublished":"2023-07-19T16:58:31+00:00","dateModified":"2023-09-19T10:28:39+00:00","description":"Cl\u00ednica La Veterinaria - Mascalucia (CT) Abierta todos los d\u00edas h24 incluidos festivos y con servicio de Primeros Auxilios de 20h a 8h.","breadcrumb":{"@id":"https:\/\/clinicalaveterinaria.it\/es\/servicios-veterinarios\/vacunas-para-gatos\/#breadcrumb"},"inLanguage":"es","potentialAction":[{"@type":"ReadAction","target":["https:\/\/clinicalaveterinaria.it\/es\/servicios-veterinarios\/vacunas-para-gatos\/"]}]},{"@type":"BreadcrumbList","@id":"https:\/\/clinicalaveterinaria.it\/es\/servicios-veterinarios\/vacunas-para-gatos\/#breadcrumb","itemListElement":[{"@type":"ListItem","position":1,"name":"Home","item":"https:\/\/clinicalaveterinaria.it\/es\/"},{"@type":"ListItem","position":2,"name":"Servicios veterinarios","item":"https:\/\/clinicalaveterinaria.it\/es\/servicios-veterinarios\/"},{"@type":"ListItem","position":3,"name":"Vacunas para gatos"}]},{"@type":"WebSite","@id":"https:\/\/clinicalaveterinaria.it\/es\/#website","url":"https:\/\/clinicalaveterinaria.it\/es\/","name":"Clinica La Veterinaria","description":"Per la gioia di vederli felici","publisher":{"@id":"https:\/\/clinicalaveterinaria.it\/es\/#organization"},"potentialAction":[{"@type":"SearchAction","target":{"@type":"EntryPoint","urlTemplate":"https:\/\/clinicalaveterinaria.it\/es\/?s={search_term_string}"},"query-input":{"@type":"PropertyValueSpecification","valueRequired":true,"valueName":"search_term_string"}}],"inLanguage":"es"},{"@type":"Organization","@id":"https:\/\/clinicalaveterinaria.it\/es\/#organization","name":"Clinica La Veterinaria s.r.l.","url":"https:\/\/clinicalaveterinaria.it\/es\/","logo":{"@type":"ImageObject","inLanguage":"es","@id":"https:\/\/clinicalaveterinaria.it\/es\/#\/schema\/logo\/image\/","url":"https:\/\/clinicalaveterinaria.it\/wp-content\/uploads\/2023\/07\/Favicon_Logo_clinica_la_vetrinaria-01.png","contentUrl":"https:\/\/clinicalaveterinaria.it\/wp-content\/uploads\/2023\/07\/Favicon_Logo_clinica_la_vetrinaria-01.png","width":121,"height":120,"caption":"Clinica La Veterinaria s.r.l."},"image":{"@id":"https:\/\/clinicalaveterinaria.it\/es\/#\/schema\/logo\/image\/"},"sameAs":["https:\/\/www.facebook.com\/clinicalaveterinaria","https:\/\/www.instagram.com\/clinica_la_veterinaria\/"],"description":"Clinica Veterinaria aperta h24 365 giorni all'anno","email":"info@clinicalaveterinaria.it","telephone":"0952190","legalName":"Clinica La Veterinaria s.r.l.","vatID":"05780070875","taxID":"05780070875","numberOfEmployees":{"@type":"QuantitativeValue","minValue":"11","maxValue":"50"},"publishingPrinciples":"https:\/\/clinicalaveterinaria.it\/termini-e-condizioni\/","ownershipFundingInfo":"https:\/\/clinicalaveterinaria.it\/imprint\/","actionableFeedbackPolicy":"https:\/\/clinicalaveterinaria.it\/termini-e-condizioni\/","ethicsPolicy":"https:\/\/clinicalaveterinaria.it\/disconoscimento\/"}]}},"_links":{"self":[{"href":"https:\/\/clinicalaveterinaria.it\/es\/wp-json\/wp\/v2\/pages\/28922","targetHints":{"allow":["GET"]}}],"collection":[{"href":"https:\/\/clinicalaveterinaria.it\/es\/wp-json\/wp\/v2\/pages"}],"about":[{"href":"https:\/\/clinicalaveterinaria.it\/es\/wp-json\/wp\/v2\/types\/page"}],"author":[{"embeddable":true,"href":"https:\/\/clinicalaveterinaria.it\/es\/wp-json\/wp\/v2\/users\/3"}],"replies":[{"embeddable":true,"href":"https:\/\/clinicalaveterinaria.it\/es\/wp-json\/wp\/v2\/comments?post=28922"}],"version-history":[{"count":0,"href":"https:\/\/clinicalaveterinaria.it\/es\/wp-json\/wp\/v2\/pages\/28922\/revisions"}],"up":[{"embeddable":true,"href":"https:\/\/clinicalaveterinaria.it\/es\/wp-json\/wp\/v2\/pages\/28928"}],"wp:attachment":[{"href":"https:\/\/clinicalaveterinaria.it\/es\/wp-json\/wp\/v2\/media?parent=28922"}],"curies":[{"name":"wp","href":"https:\/\/api.w.org\/{rel}","templated":true}]}}