{"id":29572,"date":"2023-09-12T14:25:02","date_gmt":"2023-09-12T14:25:02","guid":{"rendered":"https:\/\/clinicalaveterinaria.it\/desmentido\/"},"modified":"2023-09-12T14:25:02","modified_gmt":"2023-09-12T14:25:02","slug":"desmentido","status":"publish","type":"page","link":"https:\/\/clinicalaveterinaria.it\/es\/desmentido\/","title":{"rendered":"Desmentido"},"content":{"rendered":"<!-- Legal document generated by Complianz | GDPR\/CCPA Cookie Consent https:\/\/wordpress.org\/plugins\/complianz-gdpr -->\n<div id=\"cmplz-document\" class=\"cmplz-document disclaimer cmplz-document-all\"><p>Clinica La Veterinaria s.r.l. se compromete a mantener esta web actualizada y precisa. Si, a pesar de todo, encontrara algo incorrecto o desactualizado, le agradecer\u00edamos que nos lo hiciera saber. Por favor, indique en qu\u00e9 parte de la web ha le\u00eddo la informaci\u00f3n. La revisaremos lo antes posible. Por favor, env\u00ede su duda por correo electr\u00f3nico a: <span class=\"cmplz-obfuscate\">amm&#105;n&#105;&#115;&#116;&#114;az&#105;&#111;n&#101;@<span class=\"cmplz-fmail-domain\">e&#120;.c&#111;&#109;<\/span>&#099;&#108;i&#110;i&#099;a&#108;a&#118;e&#116;e&#114;&#105;&#110;&#097;r&#105;a&#046;&#105;&#116;<\/span>.<\/p><p>No nos responsabilizamos de las p\u00e9rdidas derivadas de inexactitudes o datos incompletos, ni de las p\u00e9rdidas resultantes de problemas causados o inherentes a la difusi\u00f3n de la informaci\u00f3n a trav\u00e9s de Internet, como interrupciones o fallos. Al utilizar formularios web, nos esforzamos por limitar al m\u00ednimo el n\u00famero de campos obligatorios. Por cualquier p\u00e9rdida sufrida como resultado del uso de datos, consejos o ideas proporcionadas por Clinica La Veterinaria s.r.l. o en su nombre a trav\u00e9s de esta web, Clinica La Veterinaria s.r.l. no acepta ninguna responsabilidad.<\/p><p>El uso de la web y todos sus componentes (incluidos los foros) est\u00e1 sujeto a las <a href=\"https:\/\/www.iubenda.com\/termini-e-condizioni\/69558117\" target=\"_blank\">condiciones de uso<\/a>. El mero uso de esta web implica el conocimiento y la aceptaci\u00f3n de estas condiciones de uso.<\/p><p>Las respuestas y preguntas sobre privacidad enviadas por correo electr\u00f3nico o a trav\u00e9s de un formulario web ser\u00e1n tratadas de la misma manera que las cartas. Esto significa que puede esperar una respuesta nuestra en un plazo m\u00e1ximo de 1 mes. En el caso de solicitudes complejas, le informaremos en el plazo de 1 mes si necesitamos un m\u00e1ximo de 3 meses.<\/p><p>Cualquier dato personal que nos proporcione en el contexto de su respuesta o solicitud de informaci\u00f3n s\u00f3lo se utilizar\u00e1 de acuerdo con nuestra declaraci\u00f3n de privacidad.<\/p><p>Clinica La Veterinaria s.r.l. har\u00e1 todos los esfuerzos razonables para proteger sus sistemas contra cualquier forma de uso il\u00edcito. Clinica La Veterinaria s.r.l. aplicar\u00e1 las medidas t\u00e9cnicas y organizativas adecuadas a tal fin, teniendo en cuenta, entre otras cosas, el estado de la t\u00e9cnica. No obstante, no ser\u00e1 responsable de ning\u00fan perjuicio, directo y\/o indirecto, sufrido por un usuario de la web, que se derive del uso il\u00edcito de sus sistemas por parte de un tercero.<\/p><p>Clinica La Veterinaria s.r.l. no se hace responsable del contenido de las p\u00e1ginas web a las que se hace referencia mediante hiperv\u00ednculos u otras referencias. Los productos o servicios ofrecidos por terceros estar\u00e1n sujetos a los t\u00e9rminos y condiciones aplicables de dichos terceros.<\/p><p>Nuestros empleados har\u00e1n todo lo posible para garantizar la accesibilidad de nuestra p\u00e1gina web y para mejorarla continuamente. Incluso para las personas que utilizan programas inform\u00e1ticos especiales debido a una discapacidad.<\/p><p>Todos los derechos de propiedad intelectual sobre el contenido de esta web pertenecen a Clinica La Veterinaria s.r.l..<\/p><p>La copia, difusi\u00f3n y cualquier otro uso de estos materiales no est\u00e1 permitido sin el permiso escrito de Clinica La Veterinaria s.r.l., excepto y s\u00f3lo en la medida en que se estipule lo contrario en los reglamentos de la ley obligatoria (como el derecho de cita), a menos que el contenido espec\u00edfico dicte lo contrario.<\/p><p>Si tiene alguna pregunta o problema con la accesibilidad de la web, no dude en ponerse en contacto con nosotros.<\/p><\/div>","protected":false},"excerpt":{"rendered":"","protected":false},"author":7,"featured_media":0,"parent":0,"menu_order":0,"comment_status":"closed","ping_status":"closed","template":"","meta":{"footnotes":""},"class_list":["post-29572","page","type-page","status-publish","hentry"],"yoast_head":"<!-- This site is optimized with the Yoast SEO Premium plugin v27.4 (Yoast SEO v27.4) - https:\/\/yoast.com\/product\/yoast-seo-premium-wordpress\/ -->\n<title>Desmentido - Clinica La Veterinaria<\/title>\n<meta name=\"robots\" content=\"index, follow, max-snippet:-1, max-image-preview:large, max-video-preview:-1\" \/>\n<link rel=\"canonical\" href=\"https:\/\/clinicalaveterinaria.it\/es\/desmentido\/\" \/>\n<meta property=\"og:locale\" content=\"es_ES\" \/>\n<meta property=\"og:type\" content=\"article\" \/>\n<meta property=\"og:title\" content=\"Desmentido\" \/>\n<meta property=\"og:url\" content=\"https:\/\/clinicalaveterinaria.it\/es\/desmentido\/\" \/>\n<meta property=\"og:site_name\" content=\"Clinica La Veterinaria\" \/>\n<meta property=\"article:publisher\" content=\"https:\/\/www.facebook.com\/clinicalaveterinaria\" \/>\n<meta name=\"twitter:card\" content=\"summary_large_image\" \/>\n<script type=\"application\/ld+json\" class=\"yoast-schema-graph\">{\"@context\":\"https:\\\/\\\/schema.org\",\"@graph\":[{\"@type\":\"WebPage\",\"@id\":\"https:\\\/\\\/clinicalaveterinaria.it\\\/es\\\/desmentido\\\/\",\"url\":\"https:\\\/\\\/clinicalaveterinaria.it\\\/es\\\/desmentido\\\/\",\"name\":\"Desmentido - Clinica La Veterinaria\",\"isPartOf\":{\"@id\":\"https:\\\/\\\/clinicalaveterinaria.it\\\/es\\\/#website\"},\"datePublished\":\"2023-09-12T14:25:02+00:00\",\"breadcrumb\":{\"@id\":\"https:\\\/\\\/clinicalaveterinaria.it\\\/es\\\/desmentido\\\/#breadcrumb\"},\"inLanguage\":\"es\",\"potentialAction\":[{\"@type\":\"ReadAction\",\"target\":[\"https:\\\/\\\/clinicalaveterinaria.it\\\/es\\\/desmentido\\\/\"]}]},{\"@type\":\"BreadcrumbList\",\"@id\":\"https:\\\/\\\/clinicalaveterinaria.it\\\/es\\\/desmentido\\\/#breadcrumb\",\"itemListElement\":[{\"@type\":\"ListItem\",\"position\":1,\"name\":\"Home\",\"item\":\"https:\\\/\\\/clinicalaveterinaria.it\\\/es\\\/\"},{\"@type\":\"ListItem\",\"position\":2,\"name\":\"Desmentido\"}]},{\"@type\":\"WebSite\",\"@id\":\"https:\\\/\\\/clinicalaveterinaria.it\\\/es\\\/#website\",\"url\":\"https:\\\/\\\/clinicalaveterinaria.it\\\/es\\\/\",\"name\":\"Clinica La Veterinaria\",\"description\":\"Per la gioia di vederli felici\",\"publisher\":{\"@id\":\"https:\\\/\\\/clinicalaveterinaria.it\\\/es\\\/#organization\"},\"potentialAction\":[{\"@type\":\"SearchAction\",\"target\":{\"@type\":\"EntryPoint\",\"urlTemplate\":\"https:\\\/\\\/clinicalaveterinaria.it\\\/es\\\/?s={search_term_string}\"},\"query-input\":{\"@type\":\"PropertyValueSpecification\",\"valueRequired\":true,\"valueName\":\"search_term_string\"}}],\"inLanguage\":\"es\"},{\"@type\":\"Organization\",\"@id\":\"https:\\\/\\\/clinicalaveterinaria.it\\\/es\\\/#organization\",\"name\":\"Clinica La Veterinaria s.r.l.\",\"url\":\"https:\\\/\\\/clinicalaveterinaria.it\\\/es\\\/\",\"logo\":{\"@type\":\"ImageObject\",\"inLanguage\":\"es\",\"@id\":\"https:\\\/\\\/clinicalaveterinaria.it\\\/es\\\/#\\\/schema\\\/logo\\\/image\\\/\",\"url\":\"https:\\\/\\\/clinicalaveterinaria.it\\\/wp-content\\\/uploads\\\/2023\\\/07\\\/Favicon_Logo_clinica_la_vetrinaria-01.png\",\"contentUrl\":\"https:\\\/\\\/clinicalaveterinaria.it\\\/wp-content\\\/uploads\\\/2023\\\/07\\\/Favicon_Logo_clinica_la_vetrinaria-01.png\",\"width\":121,\"height\":120,\"caption\":\"Clinica La Veterinaria s.r.l.\"},\"image\":{\"@id\":\"https:\\\/\\\/clinicalaveterinaria.it\\\/es\\\/#\\\/schema\\\/logo\\\/image\\\/\"},\"sameAs\":[\"https:\\\/\\\/www.facebook.com\\\/clinicalaveterinaria\",\"https:\\\/\\\/www.instagram.com\\\/clinica_la_veterinaria\\\/\"],\"description\":\"Clinica Veterinaria aperta h24 365 giorni all'anno\",\"email\":\"info@clinicalaveterinaria.it\",\"telephone\":\"0952190\",\"legalName\":\"Clinica La Veterinaria s.r.l.\",\"vatID\":\"05780070875\",\"taxID\":\"05780070875\",\"numberOfEmployees\":{\"@type\":\"QuantitativeValue\",\"minValue\":\"11\",\"maxValue\":\"50\"},\"publishingPrinciples\":\"https:\\\/\\\/clinicalaveterinaria.it\\\/termini-e-condizioni\\\/\",\"ownershipFundingInfo\":\"https:\\\/\\\/clinicalaveterinaria.it\\\/imprint\\\/\",\"actionableFeedbackPolicy\":\"https:\\\/\\\/clinicalaveterinaria.it\\\/termini-e-condizioni\\\/\",\"ethicsPolicy\":\"https:\\\/\\\/clinicalaveterinaria.it\\\/disconoscimento\\\/\"}]}<\/script>\n<!-- \/ Yoast SEO Premium plugin. -->","yoast_head_json":{"title":"Desmentido - Clinica La Veterinaria","robots":{"index":"index","follow":"follow","max-snippet":"max-snippet:-1","max-image-preview":"max-image-preview:large","max-video-preview":"max-video-preview:-1"},"canonical":"https:\/\/clinicalaveterinaria.it\/es\/desmentido\/","og_locale":"es_ES","og_type":"article","og_title":"Desmentido","og_url":"https:\/\/clinicalaveterinaria.it\/es\/desmentido\/","og_site_name":"Clinica La Veterinaria","article_publisher":"https:\/\/www.facebook.com\/clinicalaveterinaria","twitter_card":"summary_large_image","schema":{"@context":"https:\/\/schema.org","@graph":[{"@type":"WebPage","@id":"https:\/\/clinicalaveterinaria.it\/es\/desmentido\/","url":"https:\/\/clinicalaveterinaria.it\/es\/desmentido\/","name":"Desmentido - Clinica La Veterinaria","isPartOf":{"@id":"https:\/\/clinicalaveterinaria.it\/es\/#website"},"datePublished":"2023-09-12T14:25:02+00:00","breadcrumb":{"@id":"https:\/\/clinicalaveterinaria.it\/es\/desmentido\/#breadcrumb"},"inLanguage":"es","potentialAction":[{"@type":"ReadAction","target":["https:\/\/clinicalaveterinaria.it\/es\/desmentido\/"]}]},{"@type":"BreadcrumbList","@id":"https:\/\/clinicalaveterinaria.it\/es\/desmentido\/#breadcrumb","itemListElement":[{"@type":"ListItem","position":1,"name":"Home","item":"https:\/\/clinicalaveterinaria.it\/es\/"},{"@type":"ListItem","position":2,"name":"Desmentido"}]},{"@type":"WebSite","@id":"https:\/\/clinicalaveterinaria.it\/es\/#website","url":"https:\/\/clinicalaveterinaria.it\/es\/","name":"Clinica La Veterinaria","description":"Per la gioia di vederli felici","publisher":{"@id":"https:\/\/clinicalaveterinaria.it\/es\/#organization"},"potentialAction":[{"@type":"SearchAction","target":{"@type":"EntryPoint","urlTemplate":"https:\/\/clinicalaveterinaria.it\/es\/?s={search_term_string}"},"query-input":{"@type":"PropertyValueSpecification","valueRequired":true,"valueName":"search_term_string"}}],"inLanguage":"es"},{"@type":"Organization","@id":"https:\/\/clinicalaveterinaria.it\/es\/#organization","name":"Clinica La Veterinaria s.r.l.","url":"https:\/\/clinicalaveterinaria.it\/es\/","logo":{"@type":"ImageObject","inLanguage":"es","@id":"https:\/\/clinicalaveterinaria.it\/es\/#\/schema\/logo\/image\/","url":"https:\/\/clinicalaveterinaria.it\/wp-content\/uploads\/2023\/07\/Favicon_Logo_clinica_la_vetrinaria-01.png","contentUrl":"https:\/\/clinicalaveterinaria.it\/wp-content\/uploads\/2023\/07\/Favicon_Logo_clinica_la_vetrinaria-01.png","width":121,"height":120,"caption":"Clinica La Veterinaria s.r.l."},"image":{"@id":"https:\/\/clinicalaveterinaria.it\/es\/#\/schema\/logo\/image\/"},"sameAs":["https:\/\/www.facebook.com\/clinicalaveterinaria","https:\/\/www.instagram.com\/clinica_la_veterinaria\/"],"description":"Clinica Veterinaria aperta h24 365 giorni all'anno","email":"info@clinicalaveterinaria.it","telephone":"0952190","legalName":"Clinica La Veterinaria s.r.l.","vatID":"05780070875","taxID":"05780070875","numberOfEmployees":{"@type":"QuantitativeValue","minValue":"11","maxValue":"50"},"publishingPrinciples":"https:\/\/clinicalaveterinaria.it\/termini-e-condizioni\/","ownershipFundingInfo":"https:\/\/clinicalaveterinaria.it\/imprint\/","actionableFeedbackPolicy":"https:\/\/clinicalaveterinaria.it\/termini-e-condizioni\/","ethicsPolicy":"https:\/\/clinicalaveterinaria.it\/disconoscimento\/"}]}},"_links":{"self":[{"href":"https:\/\/clinicalaveterinaria.it\/es\/wp-json\/wp\/v2\/pages\/29572","targetHints":{"allow":["GET"]}}],"collection":[{"href":"https:\/\/clinicalaveterinaria.it\/es\/wp-json\/wp\/v2\/pages"}],"about":[{"href":"https:\/\/clinicalaveterinaria.it\/es\/wp-json\/wp\/v2\/types\/page"}],"author":[{"embeddable":true,"href":"https:\/\/clinicalaveterinaria.it\/es\/wp-json\/wp\/v2\/users\/7"}],"replies":[{"embeddable":true,"href":"https:\/\/clinicalaveterinaria.it\/es\/wp-json\/wp\/v2\/comments?post=29572"}],"version-history":[{"count":0,"href":"https:\/\/clinicalaveterinaria.it\/es\/wp-json\/wp\/v2\/pages\/29572\/revisions"}],"wp:attachment":[{"href":"https:\/\/clinicalaveterinaria.it\/es\/wp-json\/wp\/v2\/media?parent=29572"}],"curies":[{"name":"wp","href":"https:\/\/api.w.org\/{rel}","templated":true}]}}